{"id":1203,"date":"2024-02-11T11:10:28","date_gmt":"2024-02-11T10:10:28","guid":{"rendered":"https:\/\/entomology.sk\/wp\/?post_type=product&#038;p=1203"},"modified":"2024-02-11T11:10:32","modified_gmt":"2024-02-11T10:10:32","slug":"nalepovacie-stitky-bristol-100ks-42x14mm","status":"publish","type":"product","link":"https:\/\/entomology.sk\/wp\/obchod\/nalepovacie-stitky-bristol-100ks-42x14mm\/","title":{"rendered":"Nalepovacie \u0161t\u00edtky BRISTOL 100ks 42x14mm"},"content":{"rendered":"","protected":false},"excerpt":{"rendered":"<p>Entomologick\u00fd nalepovac\u00ed \u0161t\u00edtok vyroben\u00fd z kvalitn\u00e9ho kart\u00f3nu zn. Bristol.<\/p>\n","protected":false},"featured_media":57,"comment_status":"closed","ping_status":"closed","template":"","meta":{"_acf_changed":false},"product_cat":[50,53,70],"product_tag":[],"class_list":{"0":"post-1203","1":"product","2":"type-product","3":"status-publish","4":"has-post-thumbnail","6":"product_cat-entomologicke-skatule","7":"product_cat-pomocky-na-ukladanie-hmyzu-do-skatul","8":"product_cat-stitky","10":"first","11":"instock","12":"purchasable","13":"product-type-simple"},"acf":[],"_links":{"self":[{"href":"https:\/\/entomology.sk\/wp\/wp-json\/wp\/v2\/product\/1203","targetHints":{"allow":["GET"]}}],"collection":[{"href":"https:\/\/entomology.sk\/wp\/wp-json\/wp\/v2\/product"}],"about":[{"href":"https:\/\/entomology.sk\/wp\/wp-json\/wp\/v2\/types\/product"}],"replies":[{"embeddable":true,"href":"https:\/\/entomology.sk\/wp\/wp-json\/wp\/v2\/comments?post=1203"}],"wp:featuredmedia":[{"embeddable":true,"href":"https:\/\/entomology.sk\/wp\/wp-json\/wp\/v2\/media\/57"}],"wp:attachment":[{"href":"https:\/\/entomology.sk\/wp\/wp-json\/wp\/v2\/media?parent=1203"}],"wp:term":[{"taxonomy":"product_cat","embeddable":true,"href":"https:\/\/entomology.sk\/wp\/wp-json\/wp\/v2\/product_cat?post=1203"},{"taxonomy":"product_tag","embeddable":true,"href":"https:\/\/entomology.sk\/wp\/wp-json\/wp\/v2\/product_tag?post=1203"}],"curies":[{"name":"wp","href":"https:\/\/api.w.org\/{rel}","templated":true}]}}