{"id":1210,"date":"2024-02-11T11:10:29","date_gmt":"2024-02-11T10:10:29","guid":{"rendered":"https:\/\/entomology.sk\/wp\/?post_type=product&#038;p=1210"},"modified":"2024-02-11T11:10:34","modified_gmt":"2024-02-11T10:10:34","slug":"narazova-ic-pasca-zberne-misky","status":"publish","type":"product","link":"https:\/\/entomology.sk\/wp\/obchod\/narazova-ic-pasca-zberne-misky\/","title":{"rendered":"N\u00e1razov\u00e1 IC pasca  &#8211; zbern\u00e9 misky"},"content":{"rendered":"","protected":false},"excerpt":{"rendered":"<p>IC pasca zbern\u00e9 misky \u2013 25ks plastov\u00fdch n\u00e1dob<\/p>\n","protected":false},"featured_media":1233,"comment_status":"closed","ping_status":"closed","template":"","meta":{"_acf_changed":false},"product_cat":[35,42,134,186],"product_tag":[],"class_list":{"0":"post-1210","1":"product","2":"type-product","3":"status-publish","4":"has-post-thumbnail","6":"product_cat-lov-hmyzu","7":"product_cat-lov-lietajuceho-hmyzu","8":"product_cat-narazove-pasce","9":"product_cat-novinky","11":"first","12":"instock","13":"purchasable","14":"product-type-simple"},"acf":[],"_links":{"self":[{"href":"https:\/\/entomology.sk\/wp\/wp-json\/wp\/v2\/product\/1210","targetHints":{"allow":["GET"]}}],"collection":[{"href":"https:\/\/entomology.sk\/wp\/wp-json\/wp\/v2\/product"}],"about":[{"href":"https:\/\/entomology.sk\/wp\/wp-json\/wp\/v2\/types\/product"}],"replies":[{"embeddable":true,"href":"https:\/\/entomology.sk\/wp\/wp-json\/wp\/v2\/comments?post=1210"}],"wp:featuredmedia":[{"embeddable":true,"href":"https:\/\/entomology.sk\/wp\/wp-json\/wp\/v2\/media\/1233"}],"wp:attachment":[{"href":"https:\/\/entomology.sk\/wp\/wp-json\/wp\/v2\/media?parent=1210"}],"wp:term":[{"taxonomy":"product_cat","embeddable":true,"href":"https:\/\/entomology.sk\/wp\/wp-json\/wp\/v2\/product_cat?post=1210"},{"taxonomy":"product_tag","embeddable":true,"href":"https:\/\/entomology.sk\/wp\/wp-json\/wp\/v2\/product_tag?post=1210"}],"curies":[{"name":"wp","href":"https:\/\/api.w.org\/{rel}","templated":true}]}}