{"id":1338,"date":"2024-02-11T11:11:16","date_gmt":"2024-02-11T10:11:16","guid":{"rendered":"https:\/\/entomology.sk\/wp\/?post_type=product&#038;p=1338"},"modified":"2024-06-02T17:22:19","modified_gmt":"2024-06-02T15:22:19","slug":"kniha-tesarikoviti-coleoptera-cerambycidae","status":"publish","type":"product","link":"https:\/\/entomology.sk\/wp\/obchod\/kniha-tesarikoviti-coleoptera-cerambycidae\/","title":{"rendered":"Kniha &#8211; Tesa\u0159\u00edkovit\u00ed (Coleoptera: Cerambycidae)"},"content":{"rendered":"","protected":false},"excerpt":{"rendered":"<p>Autor:\u00a0<em><strong>Heyrovsk\u00fd L., Sl\u00e1ma M.<\/strong><\/em><\/p>\n<p>Druh\u00e9 doplnen\u00e9 vydanie. Fauna \u010cSR 5.<\/p>\n","protected":false},"featured_media":1366,"comment_status":"closed","ping_status":"closed","template":"","meta":{"_acf_changed":false},"product_cat":[16,168,171,186],"product_tag":[],"class_list":{"0":"post-1338","1":"product","2":"type-product","3":"status-publish","4":"has-post-thumbnail","6":"product_cat-rozne-pomocky","7":"product_cat-literatura","8":"product_cat-literatura-nova","9":"product_cat-novinky","11":"first","12":"onbackorder","13":"purchasable","14":"product-type-simple"},"acf":[],"_links":{"self":[{"href":"https:\/\/entomology.sk\/wp\/wp-json\/wp\/v2\/product\/1338","targetHints":{"allow":["GET"]}}],"collection":[{"href":"https:\/\/entomology.sk\/wp\/wp-json\/wp\/v2\/product"}],"about":[{"href":"https:\/\/entomology.sk\/wp\/wp-json\/wp\/v2\/types\/product"}],"replies":[{"embeddable":true,"href":"https:\/\/entomology.sk\/wp\/wp-json\/wp\/v2\/comments?post=1338"}],"wp:featuredmedia":[{"embeddable":true,"href":"https:\/\/entomology.sk\/wp\/wp-json\/wp\/v2\/media\/1366"}],"wp:attachment":[{"href":"https:\/\/entomology.sk\/wp\/wp-json\/wp\/v2\/media?parent=1338"}],"wp:term":[{"taxonomy":"product_cat","embeddable":true,"href":"https:\/\/entomology.sk\/wp\/wp-json\/wp\/v2\/product_cat?post=1338"},{"taxonomy":"product_tag","embeddable":true,"href":"https:\/\/entomology.sk\/wp\/wp-json\/wp\/v2\/product_tag?post=1338"}],"curies":[{"name":"wp","href":"https:\/\/api.w.org\/{rel}","templated":true}]}}