{"id":1339,"date":"2024-02-11T11:11:16","date_gmt":"2024-02-11T10:11:16","guid":{"rendered":"https:\/\/entomology.sk\/wp\/?post_type=product&#038;p=1339"},"modified":"2024-06-02T17:21:23","modified_gmt":"2024-06-02T15:21:23","slug":"kniha-klic-k-urcovani-hmyzich-radu","status":"publish","type":"product","link":"https:\/\/entomology.sk\/wp\/obchod\/kniha-klic-k-urcovani-hmyzich-radu\/","title":{"rendered":"Kniha &#8211; Kl\u00ed\u010d k ur\u010dov\u00e1n\u00ed hmyz\u00edch \u0159\u00e1d\u016f"},"content":{"rendered":"","protected":false},"excerpt":{"rendered":"<p>Autor: <em><strong>Emanuel Barto\u0161.<\/strong><\/em><\/p>\n<p>Pom\u00f4cka na u\u013eah\u010denie pozn\u00e1vania dospel\u00fdch aj nedospel\u00fdch jedincov r\u00f4znych r\u00e1dov hmyzu \u017eij\u00faceho u n\u00e1s. Pom\u00e1ha vnikn\u00fa\u0165 do tajov entomol\u00f3gie.<\/p>\n<p>Rok vydania: 1953 \u010ceskoslovensk\u00e1 akad\u00e9mia vied.<\/p>\n<p>Stav knihy: Paperback oddelen\u00fd od v\u00e4zby.<\/p>\n","protected":false},"featured_media":1368,"comment_status":"closed","ping_status":"closed","template":"","meta":{"_acf_changed":false},"product_cat":[16,168,169,186],"product_tag":[],"class_list":{"0":"post-1339","1":"product","2":"type-product","3":"status-publish","4":"has-post-thumbnail","6":"product_cat-rozne-pomocky","7":"product_cat-literatura","8":"product_cat-literatura-antikvariat","9":"product_cat-novinky","11":"first","12":"outofstock","13":"purchasable","14":"product-type-simple"},"acf":[],"_links":{"self":[{"href":"https:\/\/entomology.sk\/wp\/wp-json\/wp\/v2\/product\/1339","targetHints":{"allow":["GET"]}}],"collection":[{"href":"https:\/\/entomology.sk\/wp\/wp-json\/wp\/v2\/product"}],"about":[{"href":"https:\/\/entomology.sk\/wp\/wp-json\/wp\/v2\/types\/product"}],"replies":[{"embeddable":true,"href":"https:\/\/entomology.sk\/wp\/wp-json\/wp\/v2\/comments?post=1339"}],"wp:featuredmedia":[{"embeddable":true,"href":"https:\/\/entomology.sk\/wp\/wp-json\/wp\/v2\/media\/1368"}],"wp:attachment":[{"href":"https:\/\/entomology.sk\/wp\/wp-json\/wp\/v2\/media?parent=1339"}],"wp:term":[{"taxonomy":"product_cat","embeddable":true,"href":"https:\/\/entomology.sk\/wp\/wp-json\/wp\/v2\/product_cat?post=1339"},{"taxonomy":"product_tag","embeddable":true,"href":"https:\/\/entomology.sk\/wp\/wp-json\/wp\/v2\/product_tag?post=1339"}],"curies":[{"name":"wp","href":"https:\/\/api.w.org\/{rel}","templated":true}]}}