{"id":1359,"date":"2024-02-11T11:11:19","date_gmt":"2024-02-11T10:11:19","guid":{"rendered":"https:\/\/entomology.sk\/wp\/?post_type=product&#038;p=1359"},"modified":"2024-02-11T11:11:29","modified_gmt":"2024-02-11T10:11:29","slug":"kniha-opredelitel-nasekomych-dalnevo-vastoka-sssr-v-6-tomach-3-cast-2-zestkokrylye-ili-zuki-cast-1","status":"publish","type":"product","link":"https:\/\/entomology.sk\/wp\/obchod\/kniha-opredelitel-nasekomych-dalnevo-vastoka-sssr-v-6-tomach-3-cast-2-zestkokrylye-ili-zuki-cast-1\/","title":{"rendered":"Kniha Opredelitel&#8217; nasekomych Dal&#8217;nevo Vastoka SSSR: v 6 tomach 3, \u010cast&#8217; 2. \u017eestkokrylye, ili \u017euki &#8211; \u010dast&#8217; 1"},"content":{"rendered":"","protected":false},"excerpt":{"rendered":"<p>K\u013e\u00fa\u010d v ruskom jazyku.<\/p>\n<p>Kniha v perfektom stave.<\/p>\n","protected":false},"featured_media":1377,"comment_status":"closed","ping_status":"closed","template":"","meta":{"_acf_changed":false},"product_cat":[168,169,161],"product_tag":[],"class_list":{"0":"post-1359","1":"product","2":"type-product","3":"status-publish","4":"has-post-thumbnail","6":"product_cat-literatura","7":"product_cat-literatura-antikvariat","8":"product_cat-akcie-a-vypredaje","10":"first","11":"instock","12":"sale","13":"purchasable","14":"product-type-simple"},"acf":[],"_links":{"self":[{"href":"https:\/\/entomology.sk\/wp\/wp-json\/wp\/v2\/product\/1359","targetHints":{"allow":["GET"]}}],"collection":[{"href":"https:\/\/entomology.sk\/wp\/wp-json\/wp\/v2\/product"}],"about":[{"href":"https:\/\/entomology.sk\/wp\/wp-json\/wp\/v2\/types\/product"}],"replies":[{"embeddable":true,"href":"https:\/\/entomology.sk\/wp\/wp-json\/wp\/v2\/comments?post=1359"}],"wp:featuredmedia":[{"embeddable":true,"href":"https:\/\/entomology.sk\/wp\/wp-json\/wp\/v2\/media\/1377"}],"wp:attachment":[{"href":"https:\/\/entomology.sk\/wp\/wp-json\/wp\/v2\/media?parent=1359"}],"wp:term":[{"taxonomy":"product_cat","embeddable":true,"href":"https:\/\/entomology.sk\/wp\/wp-json\/wp\/v2\/product_cat?post=1359"},{"taxonomy":"product_tag","embeddable":true,"href":"https:\/\/entomology.sk\/wp\/wp-json\/wp\/v2\/product_tag?post=1359"}],"curies":[{"name":"wp","href":"https:\/\/api.w.org\/{rel}","templated":true}]}}