{"id":161,"date":"2024-02-11T11:04:36","date_gmt":"2024-02-11T10:04:36","guid":{"rendered":"https:\/\/entomology.sk\/wp\/?post_type=product&#038;p=161"},"modified":"2024-06-02T16:16:25","modified_gmt":"2024-06-02T14:16:25","slug":"pinzety-sada-4ks","status":"publish","type":"product","link":"https:\/\/entomology.sk\/wp\/obchod\/pinzety-sada-4ks\/","title":{"rendered":"Pinzety sada 4ks"},"content":{"rendered":"","protected":false},"excerpt":{"rendered":"<p>Sada \u0161tyroch pinziet s hladk\u00fdm hrotom a vr\u00fabkovan\u00edm r\u00fa\u010dky pre lep\u0161ie uchopenie. Vhodn\u00e1 pre za\u010d\u00ednaj\u00facich entomol\u00f3gov. V\u00fdhodn\u00e1 cena.<\/p>\n","protected":false},"featured_media":192,"comment_status":"closed","ping_status":"closed","template":"","meta":{"_acf_changed":false},"product_cat":[22,33,34],"product_tag":[],"class_list":{"0":"post-161","1":"product","2":"type-product","3":"status-publish","4":"has-post-thumbnail","6":"product_cat-mikroskopy-preparacia","7":"product_cat-preparacne-pomocky","8":"product_cat-ihly-pinzety-sklapely","10":"first","11":"instock","12":"purchasable","13":"product-type-simple"},"acf":[],"_links":{"self":[{"href":"https:\/\/entomology.sk\/wp\/wp-json\/wp\/v2\/product\/161","targetHints":{"allow":["GET"]}}],"collection":[{"href":"https:\/\/entomology.sk\/wp\/wp-json\/wp\/v2\/product"}],"about":[{"href":"https:\/\/entomology.sk\/wp\/wp-json\/wp\/v2\/types\/product"}],"replies":[{"embeddable":true,"href":"https:\/\/entomology.sk\/wp\/wp-json\/wp\/v2\/comments?post=161"}],"wp:featuredmedia":[{"embeddable":true,"href":"https:\/\/entomology.sk\/wp\/wp-json\/wp\/v2\/media\/192"}],"wp:attachment":[{"href":"https:\/\/entomology.sk\/wp\/wp-json\/wp\/v2\/media?parent=161"}],"wp:term":[{"taxonomy":"product_cat","embeddable":true,"href":"https:\/\/entomology.sk\/wp\/wp-json\/wp\/v2\/product_cat?post=161"},{"taxonomy":"product_tag","embeddable":true,"href":"https:\/\/entomology.sk\/wp\/wp-json\/wp\/v2\/product_tag?post=161"}],"curies":[{"name":"wp","href":"https:\/\/api.w.org\/{rel}","templated":true}]}}