{"id":718,"date":"2024-02-11T11:07:37","date_gmt":"2024-02-11T10:07:37","guid":{"rendered":"https:\/\/entomology.sk\/wp\/?post_type=product&#038;p=718"},"modified":"2024-06-02T16:47:35","modified_gmt":"2024-06-02T14:47:35","slug":"pergamenove-vrecka-na-motyle-90x90mm","status":"publish","type":"product","link":"https:\/\/entomology.sk\/wp\/obchod\/pergamenove-vrecka-na-motyle-90x90mm\/","title":{"rendered":"Pergamenov\u00e9 vreck\u00e1 na mot\u00fdle 90x90mm"},"content":{"rendered":"","protected":false},"excerpt":{"rendered":"","protected":false},"featured_media":57,"comment_status":"closed","ping_status":"closed","template":"","meta":{"_acf_changed":false},"product_cat":[35,40],"product_tag":[],"class_list":{"0":"post-718","1":"product","2":"type-product","3":"status-publish","4":"has-post-thumbnail","6":"product_cat-lov-hmyzu","7":"product_cat-lov-hmyzu-ostatne-pomocky","9":"first","10":"instock","11":"purchasable","12":"product-type-simple"},"acf":[],"_links":{"self":[{"href":"https:\/\/entomology.sk\/wp\/wp-json\/wp\/v2\/product\/718","targetHints":{"allow":["GET"]}}],"collection":[{"href":"https:\/\/entomology.sk\/wp\/wp-json\/wp\/v2\/product"}],"about":[{"href":"https:\/\/entomology.sk\/wp\/wp-json\/wp\/v2\/types\/product"}],"replies":[{"embeddable":true,"href":"https:\/\/entomology.sk\/wp\/wp-json\/wp\/v2\/comments?post=718"}],"wp:featuredmedia":[{"embeddable":true,"href":"https:\/\/entomology.sk\/wp\/wp-json\/wp\/v2\/media\/57"}],"wp:attachment":[{"href":"https:\/\/entomology.sk\/wp\/wp-json\/wp\/v2\/media?parent=718"}],"wp:term":[{"taxonomy":"product_cat","embeddable":true,"href":"https:\/\/entomology.sk\/wp\/wp-json\/wp\/v2\/product_cat?post=718"},{"taxonomy":"product_tag","embeddable":true,"href":"https:\/\/entomology.sk\/wp\/wp-json\/wp\/v2\/product_tag?post=718"}],"curies":[{"name":"wp","href":"https:\/\/api.w.org\/{rel}","templated":true}]}}