{"id":752,"date":"2024-02-11T11:07:51","date_gmt":"2024-02-11T10:07:51","guid":{"rendered":"https:\/\/entomology.sk\/wp\/?post_type=product&#038;p=752"},"modified":"2024-06-01T19:12:10","modified_gmt":"2024-06-01T17:12:10","slug":"konstrukcia-pre-mp-standard-hlinikova","status":"publish","type":"product","link":"https:\/\/entomology.sk\/wp\/obchod\/konstrukcia-pre-mp-standard-hlinikova\/","title":{"rendered":"Kon\u0161trukcia pre MP \u0160tandard &#8211; hlin\u00edkov\u00e1"},"content":{"rendered":"","protected":false},"excerpt":{"rendered":"<p>Dod\u00e1vka pozost\u00e1va z dvoch \u010dast\u00ed:<\/p>\n<p>Hlin\u00edkov\u00e1 kon\u0161trukcia v praktickom obale (A)<\/p>\n<p>Kol\u00edky a \u0161n\u00fara (B).<\/p>\n","protected":false},"featured_media":781,"comment_status":"closed","ping_status":"closed","template":"","meta":{"_acf_changed":false},"product_cat":[35,42,134],"product_tag":[],"class_list":{"0":"post-752","1":"product","2":"type-product","3":"status-publish","4":"has-post-thumbnail","6":"product_cat-lov-hmyzu","7":"product_cat-lov-lietajuceho-hmyzu","8":"product_cat-narazove-pasce","10":"first","11":"onbackorder","12":"purchasable","13":"product-type-simple"},"acf":[],"_links":{"self":[{"href":"https:\/\/entomology.sk\/wp\/wp-json\/wp\/v2\/product\/752","targetHints":{"allow":["GET"]}}],"collection":[{"href":"https:\/\/entomology.sk\/wp\/wp-json\/wp\/v2\/product"}],"about":[{"href":"https:\/\/entomology.sk\/wp\/wp-json\/wp\/v2\/types\/product"}],"replies":[{"embeddable":true,"href":"https:\/\/entomology.sk\/wp\/wp-json\/wp\/v2\/comments?post=752"}],"wp:featuredmedia":[{"embeddable":true,"href":"https:\/\/entomology.sk\/wp\/wp-json\/wp\/v2\/media\/781"}],"wp:attachment":[{"href":"https:\/\/entomology.sk\/wp\/wp-json\/wp\/v2\/media?parent=752"}],"wp:term":[{"taxonomy":"product_cat","embeddable":true,"href":"https:\/\/entomology.sk\/wp\/wp-json\/wp\/v2\/product_cat?post=752"},{"taxonomy":"product_tag","embeddable":true,"href":"https:\/\/entomology.sk\/wp\/wp-json\/wp\/v2\/product_tag?post=752"}],"curies":[{"name":"wp","href":"https:\/\/api.w.org\/{rel}","templated":true}]}}