{"id":86,"date":"2024-02-11T11:04:11","date_gmt":"2024-02-11T10:04:11","guid":{"rendered":"https:\/\/entomology.sk\/wp\/?post_type=product&#038;p=86"},"modified":"2024-06-02T19:35:29","modified_gmt":"2024-06-02T17:35:29","slug":"petriho-miska-plastova-nedelena-%cf%86-90x14mm-20ks","status":"publish","type":"product","link":"https:\/\/entomology.sk\/wp\/obchod\/petriho-miska-plastova-nedelena-%cf%86-90x14mm-20ks\/","title":{"rendered":"Petriho miska plastov\u00e1 nedelen\u00e1 \u03a6 90x14mm (20ks)"},"content":{"rendered":"","protected":false},"excerpt":{"rendered":"<p>Hygienick\u00e9 steriln\u00e9 balenie 20 kusov. Nie je mo\u017en\u00e9 si objedna\u0165 menej.<\/p>\n","protected":false},"featured_media":98,"comment_status":"closed","ping_status":"closed","template":"","meta":{"_acf_changed":false},"product_cat":[16,17,27],"product_tag":[],"class_list":{"0":"post-86","1":"product","2":"type-product","3":"status-publish","4":"has-post-thumbnail","6":"product_cat-rozne-pomocky","7":"product_cat-plastove-vyrobky","8":"product_cat-petriho-misky-plast","10":"first","11":"instock","12":"purchasable","13":"product-type-simple"},"acf":[],"_links":{"self":[{"href":"https:\/\/entomology.sk\/wp\/wp-json\/wp\/v2\/product\/86","targetHints":{"allow":["GET"]}}],"collection":[{"href":"https:\/\/entomology.sk\/wp\/wp-json\/wp\/v2\/product"}],"about":[{"href":"https:\/\/entomology.sk\/wp\/wp-json\/wp\/v2\/types\/product"}],"replies":[{"embeddable":true,"href":"https:\/\/entomology.sk\/wp\/wp-json\/wp\/v2\/comments?post=86"}],"wp:featuredmedia":[{"embeddable":true,"href":"https:\/\/entomology.sk\/wp\/wp-json\/wp\/v2\/media\/98"}],"wp:attachment":[{"href":"https:\/\/entomology.sk\/wp\/wp-json\/wp\/v2\/media?parent=86"}],"wp:term":[{"taxonomy":"product_cat","embeddable":true,"href":"https:\/\/entomology.sk\/wp\/wp-json\/wp\/v2\/product_cat?post=86"},{"taxonomy":"product_tag","embeddable":true,"href":"https:\/\/entomology.sk\/wp\/wp-json\/wp\/v2\/product_tag?post=86"}],"curies":[{"name":"wp","href":"https:\/\/api.w.org\/{rel}","templated":true}]}}