{"id":887,"date":"2024-02-11T11:08:33","date_gmt":"2024-02-11T10:08:33","guid":{"rendered":"https:\/\/entomology.sk\/wp\/?post_type=product&#038;p=887"},"modified":"2024-02-11T11:08:43","modified_gmt":"2024-02-11T10:08:43","slug":"adapter-do-auta-usb-12v-21a-s-meranim-napatia-a-prudu","status":"publish","type":"product","link":"https:\/\/entomology.sk\/wp\/obchod\/adapter-do-auta-usb-12v-21a-s-meranim-napatia-a-prudu\/","title":{"rendered":"Adapt\u00e9r do auta USB 12V 2,1A s meran\u00edm nap\u00e4tia a pr\u00fadu"},"content":{"rendered":"","protected":false},"excerpt":{"rendered":"<p>Adapt\u00e9r do autozapa\u013eova\u010da. V\u00fdstup USB 5V\/1A  2,1A. Vhodn\u00e9 na pripojenie 5V USB LED Flux\u00a0 na sie\u0165 vozidla, alebo 12V akumul\u00e1tor. A tak isto na nab\u00edjanie powerbankov v aute (2,1A v\u00fdstup). Prostredn\u00edctvom mera\u010da m\u00f4\u017eete kontrolova\u0165:<\/p>\n<ul class=\"piul\">\n<li>Nap\u00e4tie v sieti automobilu, alebo akumul\u00e1tora<\/li>\n<li>Pri na\u0161tartovan\u00ed je mo\u017en\u00e9 skontrolova\u0165 stav akumul\u00e1tora<\/li>\n<li>Pri be\u017eiacom motore je mo\u017en\u00e9 skontrolova\u0165 stav dob\u00edjania akumul\u00e1tora<\/li>\n<\/ul>\n<p>Po\u010das nab\u00edjania zariadenia cez USB je mo\u017en\u00e9 skontrolova\u0165 nab\u00edjac\u00ed pr\u00fad<\/p>\n<ul class=\"piul\">\n<li>Po\u010das prev\u00e1dzky (svietenie s USB LED Flux) m\u00f4\u017eete kontrolova\u0165 odoberan\u00fd pr\u00fad<\/li>\n<\/ul>\n<p><strong>U\u017e sa nedod\u00e1va n\u00e1hrada s <a href=\"https:\/\/www.entomology.sk\/produkt\/adapter-do-auta-usb-c-a-pd-30a-s-meranim-napatia\/\">C-konektorom a r\u00fdchlonab\u00edjan\u00edm.<\/a><\/strong><\/p>\n","protected":false},"featured_media":902,"comment_status":"closed","ping_status":"closed","template":"","meta":{"_acf_changed":false},"product_cat":[35,36,38],"product_tag":[],"class_list":{"0":"post-887","1":"product","2":"type-product","3":"status-publish","4":"has-post-thumbnail","6":"product_cat-lov-hmyzu","7":"product_cat-lov-hmyzu-na-svetlo","8":"product_cat-zdroje-energie","10":"first","11":"outofstock","12":"purchasable","13":"product-type-simple"},"acf":[],"_links":{"self":[{"href":"https:\/\/entomology.sk\/wp\/wp-json\/wp\/v2\/product\/887","targetHints":{"allow":["GET"]}}],"collection":[{"href":"https:\/\/entomology.sk\/wp\/wp-json\/wp\/v2\/product"}],"about":[{"href":"https:\/\/entomology.sk\/wp\/wp-json\/wp\/v2\/types\/product"}],"replies":[{"embeddable":true,"href":"https:\/\/entomology.sk\/wp\/wp-json\/wp\/v2\/comments?post=887"}],"wp:featuredmedia":[{"embeddable":true,"href":"https:\/\/entomology.sk\/wp\/wp-json\/wp\/v2\/media\/902"}],"wp:attachment":[{"href":"https:\/\/entomology.sk\/wp\/wp-json\/wp\/v2\/media?parent=887"}],"wp:term":[{"taxonomy":"product_cat","embeddable":true,"href":"https:\/\/entomology.sk\/wp\/wp-json\/wp\/v2\/product_cat?post=887"},{"taxonomy":"product_tag","embeddable":true,"href":"https:\/\/entomology.sk\/wp\/wp-json\/wp\/v2\/product_tag?post=887"}],"curies":[{"name":"wp","href":"https:\/\/api.w.org\/{rel}","templated":true}]}}