{"id":937,"date":"2024-02-11T11:08:48","date_gmt":"2024-02-11T10:08:48","guid":{"rendered":"https:\/\/entomology.sk\/wp\/?post_type=product&#038;p=937"},"modified":"2024-05-31T19:37:35","modified_gmt":"2024-05-31T17:37:35","slug":"dvojdielny-teleskop-115-197-cm","status":"publish","type":"product","link":"https:\/\/entomology.sk\/wp\/obchod\/dvojdielny-teleskop-115-197-cm\/","title":{"rendered":"Dvojdielny teleskop 115-197 cm"},"content":{"rendered":"","protected":false},"excerpt":{"rendered":"<p>N\u00e1hradn\u00fd teleskop odbern\u00e9mu zariadeniu na zoobentos (EUROSIE\u0164KA 500). Tie\u017e pre vodn\u00e9 sie\u0165ky a plankt\u00f3nky.<\/p>\n","protected":false},"featured_media":987,"comment_status":"closed","ping_status":"closed","template":"","meta":{"_acf_changed":false},"product_cat":[35,136,137],"product_tag":[],"class_list":{"0":"post-937","1":"product","2":"type-product","3":"status-publish","4":"has-post-thumbnail","6":"product_cat-lov-hmyzu","7":"product_cat-lov-vodneho-hmyzu","8":"product_cat-vodne-sietky","10":"first","11":"instock","12":"purchasable","13":"product-type-simple"},"acf":[],"_links":{"self":[{"href":"https:\/\/entomology.sk\/wp\/wp-json\/wp\/v2\/product\/937","targetHints":{"allow":["GET"]}}],"collection":[{"href":"https:\/\/entomology.sk\/wp\/wp-json\/wp\/v2\/product"}],"about":[{"href":"https:\/\/entomology.sk\/wp\/wp-json\/wp\/v2\/types\/product"}],"replies":[{"embeddable":true,"href":"https:\/\/entomology.sk\/wp\/wp-json\/wp\/v2\/comments?post=937"}],"wp:featuredmedia":[{"embeddable":true,"href":"https:\/\/entomology.sk\/wp\/wp-json\/wp\/v2\/media\/987"}],"wp:attachment":[{"href":"https:\/\/entomology.sk\/wp\/wp-json\/wp\/v2\/media?parent=937"}],"wp:term":[{"taxonomy":"product_cat","embeddable":true,"href":"https:\/\/entomology.sk\/wp\/wp-json\/wp\/v2\/product_cat?post=937"},{"taxonomy":"product_tag","embeddable":true,"href":"https:\/\/entomology.sk\/wp\/wp-json\/wp\/v2\/product_tag?post=937"}],"curies":[{"name":"wp","href":"https:\/\/api.w.org\/{rel}","templated":true}]}}