{"id":971,"date":"2024-02-11T11:09:04","date_gmt":"2024-02-11T10:09:04","guid":{"rendered":"https:\/\/entomology.sk\/wp\/?post_type=product&#038;p=971"},"modified":"2024-05-31T19:45:54","modified_gmt":"2024-05-31T17:45:54","slug":"sietka-na-vodny-hmyz-25x25cm-ocelovy-ram","status":"publish","type":"product","link":"https:\/\/entomology.sk\/wp\/obchod\/sietka-na-vodny-hmyz-25x25cm-ocelovy-ram\/","title":{"rendered":"Sie\u0165ka na vodn\u00fd hmyz 25x25cm, oce\u013eov\u00fd r\u00e1m"},"content":{"rendered":"","protected":false},"excerpt":{"rendered":"<p>Vodn\u00e1 sie\u0165ka \u0161tvorcov\u00fd tvar. Sie\u0165ka z lacn\u00e9ho materi\u00e1lu (Deder\u00f3n), alebo s presn\u00fdmi okami (Uhelon):<\/p>\n","protected":false},"featured_media":821,"comment_status":"closed","ping_status":"closed","template":"","meta":{"_acf_changed":false},"product_cat":[35,136,137],"product_tag":[],"class_list":{"0":"post-971","1":"product","2":"type-product","3":"status-publish","4":"has-post-thumbnail","6":"product_cat-lov-hmyzu","7":"product_cat-lov-vodneho-hmyzu","8":"product_cat-vodne-sietky","10":"first","11":"onbackorder","12":"purchasable","13":"product-type-variable"},"acf":[],"_links":{"self":[{"href":"https:\/\/entomology.sk\/wp\/wp-json\/wp\/v2\/product\/971","targetHints":{"allow":["GET"]}}],"collection":[{"href":"https:\/\/entomology.sk\/wp\/wp-json\/wp\/v2\/product"}],"about":[{"href":"https:\/\/entomology.sk\/wp\/wp-json\/wp\/v2\/types\/product"}],"replies":[{"embeddable":true,"href":"https:\/\/entomology.sk\/wp\/wp-json\/wp\/v2\/comments?post=971"}],"wp:featuredmedia":[{"embeddable":true,"href":"https:\/\/entomology.sk\/wp\/wp-json\/wp\/v2\/media\/821"}],"wp:attachment":[{"href":"https:\/\/entomology.sk\/wp\/wp-json\/wp\/v2\/media?parent=971"}],"wp:term":[{"taxonomy":"product_cat","embeddable":true,"href":"https:\/\/entomology.sk\/wp\/wp-json\/wp\/v2\/product_cat?post=971"},{"taxonomy":"product_tag","embeddable":true,"href":"https:\/\/entomology.sk\/wp\/wp-json\/wp\/v2\/product_tag?post=971"}],"curies":[{"name":"wp","href":"https:\/\/api.w.org\/{rel}","templated":true}]}}